{"id":199,"date":"2017-05-19T12:27:44","date_gmt":"2017-05-19T16:27:44","guid":{"rendered":"https:\/\/www.aae.org\/specialty\/?page_id=199"},"modified":"2024-11-12T13:42:23","modified_gmt":"2024-11-12T19:42:23","slug":"joe-scientific-advisory-board","status":"publish","type":"page","link":"https:\/\/www.aae.org\/specialty\/publications-research\/journal-of-endodontics\/joe-scientific-advisory-board\/","title":{"rendered":"JOE Scientific Advisory Board"},"content":{"rendered":"\n\n\t<p>An electronic peer review of all manuscripts submitted to the <em>JOE<\/em> is conducted by members of the Editorial Board and the Scientific Advisory Board. We thank these colleagues who generously share their expertise with the journal. Updates to the members of the Scientific Advisory Board are posted here throughout the year and published yearly in the December issue of the <em>JOE<\/em>.<\/p>\n\tPaul Abbott<br \/>\nImad About<br \/>\nLusine Abrahamyan<br \/>\nGihan Abuelniel<br \/>\nJeffrey Adcock<br \/>\nJose Affonso de Almeida<br \/>\nFarzaneh Afkhami<br \/>\nVivek Aggarwal<br \/>\nRaman Ahmadi<br \/>\nArmen Akopian<br \/>\nKhalid Al Hezaimi<br \/>\nSatish Alapati<br \/>\nAli Alaqla<br \/>\nJolanta Aleksejuniene<br \/>\nKhaled Al-Manei<br \/>\nSameeha Almarzooqi<br \/>\nOsama Alothmani<br \/>\nFahd Alsalleeh<br \/>\nFl\u00e1vio Alves<br \/>\nAlireza Aminlari<br \/>\nAnita Aminoshariae<br \/>\nMatthew Anderson<br \/>\nAna Cristina Andrada<br \/>\nFlaviana Andrade<br \/>\nLeslie Ang<br \/>\nPradeep Kumar Angambakkam Rajasekaran<br \/>\nRichard Archer<br \/>\nAna Arias<br \/>\nDwayne Arola<br \/>\nAmber Ather<br \/>\nRobert Augsburger<br \/>\nObadah Austah<br \/>\nAmir Azarpazhooh<br \/>\nBruno Azevedo<br \/>\nAdham Azim<br \/>\nLene Baad-Hansen<br \/>\nBabak Baban<br \/>\nAlaa Babeer<br \/>\nMichael Bagby<br \/>\nIvona Bago<br \/>\nDevendra Bajaj<br \/>\nHengameh Bakhtiar<br \/>\nLynne Baldassari-Cruz<br \/>\nVasudev Ballal<br \/>\nFrederic Barnett<br \/>\nBettina Basrani<br \/>\nIbrahim Sevki Bayrakdar<br \/>\nDavid Beach<br \/>\nAna Bedran-Russo<br \/>\nAneel Belani<br \/>\nSema Belli<br \/>\nElia Beniash<br \/>\nIan Bennett<br \/>\nGunnar Bergenholtz<br \/>\nBrian Bergeron<br \/>\nLouis Berman<br \/>\nLuiz Bertassoni<br \/>\nDavid Berzins<br \/>\nJoseph Beyene<br \/>\nSarit Bhaduri<br \/>\nGowrish Bhat<br \/>\nUjjal Bhawal<br \/>\nBrooke Blicher<br \/>\nBob Blundell<br \/>\nGeorge Bogen<br \/>\nMarc Bohner<br \/>\nAnthony Borgia<br \/>\nEduardo Bortoluzzi<br \/>\nTatiana Botero<br \/>\nMarco Bottino<br \/>\nSerge Bouillaguet<br \/>\nChristos Boutsioukis<br \/>\nWalter Bowles<br \/>\nRoberto Braga<br \/>\nEugenio Brambilla<br \/>\nWilliam Brantley<br \/>\nLorenzo Breschi<br \/>\nBenjamin Briseno-Marroquin<br \/>\nDavid Browning<br \/>\nAllison Buchanan<br \/>\nCarlos EduardoBueno<br \/>\nLorel Burns<br \/>\nMilena Cadenaro<br \/>\nMary Ann Cai<br \/>\nRicardo Caicedo<br \/>\nFaith Cakici<br \/>\nJosette Camilleri<br \/>\nJean Camps<br \/>\nGeorge Candeiro<br \/>\nYangpei Cao<br \/>\nDan Caplan<br \/>\nSteve Card<br \/>\nJared Cardon<br \/>\nElaine Cardoso<br \/>\nAlonso Carrasco-Labra<br \/>\nMarcela Carrilho<br \/>\nLuciano Casagrande<br \/>\nBruno Cavalcanti<br \/>\nFranco Cavalla<br \/>\nDoglas Cecchin<br \/>\nInsoon Chang<br \/>\nLeticia Chaves de Souza<br \/>\nLuis Chavez de Paz<br \/>\nAmrita Chawla<br \/>\nI-Ping Chen<br \/>\nWei Chen<br \/>\nPavel Cherkas<br \/>\nGary Cheung<br \/>\nSami Chogle<br \/>\nVanessa Chrepa<br \/>\nRene Chu<br \/>\nLing Chueh<br \/>\nNadia Chugal<br \/>\nDavid Chvartszaid<br \/>\nLuciano Cintra<br \/>\nStephen Clark<br \/>\nTracy Clark<br \/>\nNestor Cohenca<br \/>\nThomas Connert<br \/>\nPaul Cooper<br \/>\nMabel Cordeiro<br \/>\nElisabetta Cotti<br \/>\nTaylor Cotton<br \/>\nCarolina Cucco<br \/>\nRodrigo Cunha<br \/>\nJon Dahl<br \/>\nPatrick Dahlkemper<br \/>\nMitchell Davich<br \/>\nMatthew Davis<br \/>\nStephen Davis<br \/>\nJosiane de Almeida<br \/>\nMario De Goes<br \/>\nJose de la Macorra<br \/>\nRoeland De Moor<br \/>\nGilberto Debelian<br \/>\nGustavo De-Deus<br \/>\nFl\u00e1vio Demarco<br \/>\nAkif Demirel<br \/>\nAnne des Rieux<br \/>\nPeter Di Fiore<br \/>\nDario Di Nardo<br \/>\nLuciana Dias<br \/>\nAnthony Didato<br \/>\nAnibal Diogenes<br \/>\nWaruna Dissanayaka<br \/>\nMark Donaldson<br \/>\nHicran Donmez Ozkan<br \/>\nScott Doyle<br \/>\nGlen Doyon<br \/>\nMelissa Drum<br \/>\nNikolaos Economides<br \/>\nAshraf Eid<br \/>\nAshraf ElAyouti<br \/>\nPaul Eleazer<br \/>\nGeorge Eliades<br \/>\nMostafa Elkholy<br \/>\nMohamed El-Rabbany<br \/>\nNivine El-Refai<br \/>\nMohammed Elsalanty<br \/>\nOzge Erdogan<br \/>\nCarlos Estrela<br \/>\nMark Evans<br \/>\nMostafa EzEldeen<br \/>\nElaine Fachin<br \/>\nGustavo Fachin<br \/>\nPaul Falcon<br \/>\nBing Fan<br \/>\nMohamed Fayad<br \/>\nJill Fehrenbacher<br \/>\nDavid Ferguson<br \/>\nCaio Ferraz<br \/>\nAles Fidler<br \/>\nDavid Figdor<br \/>\nYoav Finer<br \/>\nNatasha Flake<br \/>\nMichael Flax<br \/>\nLaurie Fleisher<br \/>\nAlex Fleury<br \/>\nJamal Flowers<br \/>\nAshraf Fouad<br \/>\nSara Fowler<br \/>\nRob Frank<br \/>\nKenneth Frick<br \/>\nDaniel Fried<br \/>\nChristopher Friedl<br \/>\nShimon Friedman<br \/>\nMarilisa Gabardo<br \/>\nJohnah Galicia<br \/>\nKerstin Galler<br \/>\nGianluca Gambarini<br \/>\nMaria Giovanna Gandolfi<br \/>\nYong Gao<br \/>\nYuan Gao<br \/>\nAguinaldo Garcez<br \/>\nGustavo Garlet<br \/>\nThiago Garlet<br \/>\nMaria Luisa Garo<br \/>\nAlexis Gaudin<br \/>\nTodd Geisler<br \/>\nSaji George<br \/>\nChristin Giacomino<br \/>\nJennifer Gibbs<br \/>\nM. Gillespie<br \/>\nMichael Glick<br \/>\nGerald Glickman<br \/>\nAlan Gluskin<br \/>\nBrenda Gomes<br \/>\nGary Goodell<br \/>\nNicola Maria Grande<br \/>\nSimone Grandini<br \/>\nRenata Grazziotin-Soares<br \/>\nTimothy Grubb<br \/>\nLisha Gu<br \/>\n\u00d6znur G\u00fc\u00e7l\u00fcer<br \/>\nCarolina Guimar\u00e3es<br \/>\nJames Gutmann<br \/>\nMarkus Haapasalo<br \/>\nDarlene Hachmeister<br \/>\nChin-Lo Hahn<br \/>\nLari Hakkinen<br \/>\nReza Hamedy<br \/>\nDavid Han<br \/>\nKen Hargreaves<br \/>\nMeghan Harley<br \/>\nDaniel Harrington<br \/>\nArshad Hasan<br \/>\nAhmed Hashem<br \/>\nGunnar Hasselgren<br \/>\nJohn Hatton<br \/>\nMikako Hayashi<br \/>\nJianing He<br \/>\nLing He<br \/>\nMichael Henry<br \/>\nSascha Herbst<br \/>\nM. Hicks<br \/>\nVan Himel<br \/>\nCraig Hirschberg<br \/>\nChristopher Hogden<br \/>\nDavid Holden<br \/>\nAllen Honeyman<br \/>\nAnthony Horalek<br \/>\nSohvi Horkko<br \/>\nOrapin Horst<br \/>\nNoriyasu Hosoya<br \/>\nYeung-Yi (Theresa) Hsu<br \/>\nXiaoli Hu<br \/>\nCui Huang<br \/>\nDingming Huang<br \/>\nGeorge Huang<br \/>\nHebatullah Hussein<br \/>\nTri Huynh<br \/>\nMohamed Ibrahim<br \/>\nHorea Ilies<br \/>\nRogerio Jacinto<br \/>\nHarold Jacobson<br \/>\nHamid Jafarzadeh<br \/>\nSameer Jain<br \/>\nAleksandar Jakovljevic<br \/>\nPoorya Jalali<br \/>\nMohamed Jamal<br \/>\nAhmed Jamleh<br \/>\nScott Janse<br \/>\nJeeraphat Jantarat<br \/>\nLauren Jensen<br \/>\nJoanne Jensen-Hawkins<br \/>\nJi Wook Jeong<br \/>\nJin Jiang<br \/>\nGianzhou Jiang<br \/>\nMa Jing-zhi<br \/>\nBen Johnson<br \/>\nBrad Johnson<br \/>\nJames Johnson<br \/>\nMeenal Johnson<br \/>\nScott Johnson<br \/>\nWilliam Johnson<br \/>\nAnthony Joyce<br \/>\nBruce Justman<br \/>\nBill Kahler<br \/>\nSajitha Kalathingal<br \/>\nMo Kang<br \/>\nValerie Kanter<br \/>\nBekir Karabucak<br \/>\nSimony Kataoka<br \/>\nYuka Kato<br \/>\nKarl Keiser<br \/>\nDavid Kenee<br \/>\nMatthias Kern<br \/>\nEero Kerosuo<br \/>\nNavid Khalighinejad<br \/>\nAsma Khan<br \/>\nEuiseong Kim<br \/>\nEun-Cheol Kim<br \/>\nHyeon-Cheol Kim<br \/>\nReuben Kim<br \/>\nSahng Gyoon Kim<br \/>\nSol Kim<br \/>\nYong Kim<br \/>\nTimothy Kirkpatrick<br \/>\nAnil Kishen<br \/>\nSteven Klayman<br \/>\nJohn Klein<br \/>\nMeetu Kohli<br \/>\nJana Kostunov<br \/>\nShiva Kotha<br \/>\nKeith Krell<br \/>\nUnni Krishnan<br \/>\nJogikalmat Krithikadatta<br \/>\nMohit Kumar<br \/>\nMargot Kusienski<br \/>\nShirley Lai<br \/>\nErnest Lam\n\tPaul Lambrechts<br \/>\nJessica Langella<br \/>\nAlan Law<br \/>\nMin Lee<br \/>\nSeung-Jong Lee<br \/>\nSu-Min Lee<br \/>\nWooCheol Lee<br \/>\nRonald Lemon<br \/>\nDephne Leong<br \/>\nJulian Leprince<br \/>\nAriadne Letra<br \/>\nLinda Levin<br \/>\nMarc Levitan<br \/>\nFang-Chi Li<br \/>\nYu-Hong Liang<br \/>\nAntonio Libonati<br \/>\nChun-Pin Lin<br \/>\nKimberly Lindquist<br \/>\nTheresa Linnemann<br \/>\nHe Liu<br \/>\nYan Liu<br \/>\nAdam Lloyd<br \/>\nRobert Love<br \/>\nJohn Ludlow<br \/>\nNeill Luebke<br \/>\nDoug Luiten<br \/>\nRenate Lux<br \/>\nShuhua Ma<br \/>\nCurtis Machida<br \/>\nSandra Madison<br \/>\nSui Mai<br \/>\nHany Makkawy<br \/>\nPooyan Makvandi<br \/>\nGevik Malkhassian<br \/>\nJeremy Mao<br \/>\nMuna Marashdeh<br \/>\nKristy Marker<br \/>\nMichael Marmo<br \/>\nJoao Miguel Marques dos Santos<br \/>\nGordon Marshall<br \/>\nNicolas Martin<br \/>\nFrederico Martinho<br \/>\nJorge Martins<br \/>\nDonna Mattscheck<br \/>\nCharles Maupin<br \/>\nMichelle Mazur-Kary<br \/>\nMohamed Meghil<br \/>\nShebli Mehrazarin<br \/>\nIsabel Mello<br \/>\nTiago Melo<br \/>\nClaudia Caroline Meneses<br \/>\nSamuel Mesaros<br \/>\nZvi Metzger<br \/>\nPhilip Michaelson<br \/>\nBenoit Michot<br \/>\nChris Mirucki<br \/>\nAnastasia Mischenko<br \/>\nJulian Moiseiwitsch<br \/>\nBertram Moldauer<br \/>\nFrancisco Montagner<br \/>\nFrancesca Monticelli<br \/>\nBrent Moore<br \/>\nDanna Moreira<br \/>\nKimberly Morio<br \/>\nThomas Mork<br \/>\nAlireza Moshaverinia<br \/>\nMel Mupparapu<br \/>\nRuba Mustafa<br \/>\nGarry Myers<br \/>\nBobby Nadeau<br \/>\nVenkateshbabu Nagendrababu<br \/>\nMadhu Nair<br \/>\nUmadevi Nair<br \/>\nTadashi Nakanishi<br \/>\nMisako Nakashima<br \/>\nSashi Nallapati<br \/>\nJohn Neal<br \/>\nFernanda Nedel<br \/>\nPrasanna Neelakantan<br \/>\nYuan-Ling Ng<br \/>\nEmmanuel Ngoh<br \/>\nStephen Niemczyk<br \/>\nLi-na Niu<br \/>\nDonald Nixdorf<br \/>\nW Craig Noblett<br \/>\nJacques Nor<br \/>\nAli Nosrat<br \/>\nJohn Nusstein<br \/>\nMark Olesen<br \/>\nJuan Gonzalo Olivieri<br \/>\nLynne Opperman<br \/>\nRonald Ordinola-Zapata<br \/>\nRaquel Osorio<br \/>\nMasayuki Otsuki<br \/>\nHani Ounsi<br \/>\nHongjiao Ouyang<br \/>\nChristopher Owatz<br \/>\nTom Pagonis<br \/>\nPaulo J. Palma<br \/>\nCornelis Pameijer<br \/>\nTerrell Pannkuk<br \/>\nDarshanjit Pannu<br \/>\nFrank Paque<br \/>\nAvina Paranjpe<br \/>\nPeter Parashos<br \/>\nKaro Parsegian<br \/>\nBiraj Patel<br \/>\nShanon Patel<br \/>\nSusan Paurazas<br \/>\nRuben Pauwels<br \/>\nEugenio Pedulla<br \/>\nMarshall Peikoff<br \/>\nBin Peng<br \/>\nJorge Perdigao<br \/>\nThais Pereira<br \/>\nFabienne Perez<br \/>\nChristine Peters<br \/>\nOve Peters<br \/>\nTyler Phaneuf<br \/>\nJin-Ho Phark<br \/>\nLucila Piasecki<br \/>\nAdriano Piattelli<br \/>\nMaria Pigg<br \/>\nRoberta Pileggi<br \/>\nAndres Pinto<br \/>\nJader Pinto<br \/>\nFabio Pires<br \/>\nFlavia Pirih<br \/>\nGianluca Plotino<br \/>\nCatherine Poh<br \/>\nCarolyn Primus<br \/>\nShaju Pulikkotil<br \/>\nPhuong Quang<br \/>\nCarlos Qui\u00f1onez<br \/>\nMichael Raedel<br \/>\nYasaman Ravandoust<br \/>\nJarom Ray<br \/>\nAhmad Rayyan<br \/>\nAl Reader<br \/>\nDan-Krister Rechenberg<br \/>\nMarga Ree<br \/>\nKenneth Reed<br \/>\nS. Craig Rhodes<br \/>\nDomenico Ricucci<br \/>\nSamantha Roach<br \/>\nRob Roda<br \/>\nVinicius Rosa<br \/>\nPaul Rosenberg<br \/>\nGiampiero Rossi-Fedele<br \/>\nIlan Rotstein<br \/>\nNikita Ruparel<br \/>\nWael Sabbah<br \/>\nMike Sabeti<br \/>\nKamran Safavi<br \/>\nMohammad Ali Saghiri<br \/>\nSukhpreet Sandhu<br \/>\nFabio Santos<br \/>\nLuciane Santos<br \/>\nMichelle Sarno<br \/>\nDavid Sarrett<br \/>\nChankhrit Sathorn<br \/>\nSalvatore Sauro<br \/>\nTaner Sayin<br \/>\nMark Schachman<br \/>\nEdgar Schaefer<br \/>\nMark Schluchter<br \/>\nGottfried Schmalz<br \/>\nGeorge Schoeffel<br \/>\nKyle Schroeder<br \/>\nRichard Schwartz<br \/>\nScott Schwartz<br \/>\nJordan Schweitzer<br \/>\nFalk Schwendicke<br \/>\nChristine Sedgley<br \/>\nMahalaxmi Sekar<br \/>\nFrank Setzer<br \/>\nHagay Shemesh<br \/>\nYa Shen<br \/>\nZhen Shen<br \/>\nBeth Sheridan<br \/>\nEmi Shimizu<br \/>\nKi-Hyuk Shin<br \/>\nSu-Jung Shin<br \/>\nGautam Shirodkar<br \/>\nBhumika Shokeen<br \/>\nWon Jun Shon<br \/>\nAnnie Shrestha<br \/>\nStephanie Sidow<br \/>\nAsgeir Sigurdsson<br \/>\nNick Silikas<br \/>\nRenato Silva<br \/>\nStephane Simon<br \/>\nVarun Singh<br \/>\nJose Siqueira<br \/>\nOzlem Sivas Yilmaz<br \/>\nUlf Sjogren<br \/>\nAlastair Sloan<br \/>\nCarlos Soares<br \/>\nKeyvan Sohrabi<br \/>\nCarmen Solana<br \/>\nFengyu Song<br \/>\nMinju Song<br \/>\nHoward Sorensen<br \/>\nManoel Damiao Sousa-Neto<br \/>\nClara Spatafore<br \/>\nAdam Stabholz<br \/>\nPhilip Stashenko<br \/>\nLiviu Steier<br \/>\nTorsten Steinig<br \/>\nMike Stevens<br \/>\nHideaki Suda<br \/>\nChee Peng Sum<br \/>\nNandini Suresh<br \/>\nLisiane Susin<br \/>\nClaudia Suzuki<br \/>\nTimothy Svec<br \/>\nFatima Syed-Picard<br \/>\nFranklin Tay<br \/>\nPatrick Taylor<br \/>\nFabricio Teixeira<br \/>\nArzu Tezvergil-Mutluay<br \/>\nKatherine Thuller<br \/>\nFu-cong Tian<br \/>\nLeo Tjaderhane<br \/>\nRandolph Todd<br \/>\nPhillip Tomson<br \/>\nMatthew Tonioli<br \/>\nMahmoud Torabinejad<br \/>\nPatricia Tordik<br \/>\nErnesto Trevino<br \/>\nMarat Tselnik<br \/>\nIgor Tsesis<br \/>\nPascal Tyrrell<br \/>\nGiorgos Tzanetakis<br \/>\nFahad Umer<br \/>\nNajia Usman<br \/>\nLucas van der Sluis<br \/>\nKirsten Van Landuyt<br \/>\nJulie Vanacker<br \/>\nNatanasabapathy Velmurugan<br \/>\nJorge Vera<br \/>\nPrashant Verma<br \/>\nMarco Versiani<br \/>\nAntheunis Versluis<br \/>\nWilliam Walker III<br \/>\nDamien Walmsley<br \/>\nLaurence Walsh<br \/>\nRyan Walsh<br \/>\nRichard Walton<br \/>\nChunyan Wan<br \/>\nVictor Wanderley<br \/>\nDerrick Wang<br \/>\nFengming Wang<br \/>\nQian Wang<br \/>\nXiaofang Wang<br \/>\nXiaoyan Wang<br \/>\nJames Wealleans<br \/>\nTerry Webb<br \/>\nDinesh Weerasinghe<br \/>\nXi Wei<br \/>\nRoland Weiger<br \/>\nLiu Weihong<br \/>\nMichael Weir<br \/>\nRebeca Weisleder<br \/>\nChris Wenckus<br \/>\nRobert White<br \/>\nShane White<br \/>\nJohn Whitworth<br \/>\nMatthias Widbiller<br \/>\nAnne Williamson<br \/>\nJon Willison<br \/>\nDavid Wilson<br \/>\nKenneth Wiltbank<br \/>\nDavid Witherspoon<br \/>\nThomas Wolf<br \/>\nDavid Wong<br \/>\nStacey Woo<br \/>\nVictoria Woo<br \/>\nKarl Woodmansey<br \/>\nDanielle Wu<br \/>\nWeiliang Xie<br \/>\nXingtian Xu<br \/>\nJohn Yaccino<br \/>\nHao Yan<br \/>\nWeishi Yan<br \/>\nGuobin Yang<br \/>\nMaobin Yang<br \/>\nLindsey Yap<br \/>\nGhassan Yared<br \/>\nLing Ye<br \/>\nWeihu Ye<br \/>\nCemil Yesilsoy<br \/>\nHo-Keun Yi<br \/>\nCynthia Yiu<br \/>\nHesham Youssef<br \/>\nVictoria Yu<br \/>\nYa-Hsin Yu<br \/>\nMu Yuan<br \/>\nShatha Zahran<br \/>\nMaryam Zanjir<br \/>\nMatthias Zehnder<br \/>\nChengfei Zhang<br \/>\nLan Zhang<br \/>\nXu Zhang<br \/>\nYuming Zhao<br \/>\nSheng Zhong<br \/>\nZheng Zhou<br \/>\nMin Zhu<br \/>\nSpiros Zinelis<br \/>\nKenneth Zucker\n\t<p>Technical problems or questions can be directed to Elsevier through <a href=\"https:\/\/service.elsevier.com\/app\/overview\/elsevier\/\" target=\"_blank\" rel=\"noopener noreferrer\">their online form<\/a>, or via telephone at 888-834-7287 (North America), +81 3 5561 5032 (Asia and the Pacific), and +353 61 709190 (Europe and Rest of the World).<\/p>\n\n","protected":false},"excerpt":{"rendered":"<p>An electronic peer review of all manuscripts submitted to the JOE is conducted by members of the Editorial Board and the Scientific Advisory Board. We thank these colleagues who generously&hellip;<\/p>\n","protected":false},"author":2,"featured_media":0,"parent":136,"menu_order":2,"comment_status":"closed","ping_status":"closed","template":"","meta":{"_acf_changed":false,"content-type":"","_relevanssi_hide_post":"","_relevanssi_hide_content":"","_relevanssi_pin_for_all":"","_relevanssi_pin_keywords":"","_relevanssi_unpin_keywords":"","_relevanssi_related_keywords":"","_relevanssi_related_include_ids":"","_relevanssi_related_exclude_ids":"","_relevanssi_related_no_append":"","_relevanssi_related_not_related":"","_relevanssi_related_posts":"","_relevanssi_noindex_reason":"","footnotes":""},"class_list":["post-199","page","type-page","status-publish","hentry"],"yoast_head":"<!-- This site is optimized with the Yoast SEO plugin v27.1.1 - https:\/\/yoast.com\/product\/yoast-seo-wordpress\/ -->\n<title>Journal of Endodontics Scientific Advisory Board - American Association of Endodontists<\/title>\n<meta name=\"description\" content=\"Lists tthe Journal of Endodontics (JOE) Scientific Advisory Board members. The official scientific journal of the American Association of Endodontists\" \/>\n<meta name=\"robots\" content=\"index, follow, max-snippet:-1, max-image-preview:large, max-video-preview:-1\" \/>\n<link rel=\"canonical\" href=\"https:\/\/www.aae.org\/specialty\/publications-research\/journal-of-endodontics\/joe-scientific-advisory-board\/\" \/>\n<meta property=\"og:locale\" content=\"en_US\" \/>\n<meta property=\"og:type\" content=\"article\" \/>\n<meta property=\"og:title\" content=\"Journal of Endodontics Scientific Advisory Board - American Association of Endodontists\" \/>\n<meta property=\"og:description\" content=\"Lists tthe Journal of Endodontics (JOE) Scientific Advisory Board members. The official scientific journal of the American Association of Endodontists\" \/>\n<meta property=\"og:url\" content=\"https:\/\/www.aae.org\/specialty\/publications-research\/journal-of-endodontics\/joe-scientific-advisory-board\/\" \/>\n<meta property=\"og:site_name\" content=\"American Association of Endodontists\" \/>\n<meta property=\"article:publisher\" content=\"https:\/\/www.facebook.com\/endodontists\" \/>\n<meta property=\"article:modified_time\" content=\"2024-11-12T19:42:23+00:00\" \/>\n<meta name=\"twitter:card\" content=\"summary_large_image\" \/>\n<meta name=\"twitter:site\" content=\"@savingyourteeth\" \/>\n<meta name=\"twitter:label1\" content=\"Est. reading time\" \/>\n\t<meta name=\"twitter:data1\" content=\"7 minutes\" \/>\n<script type=\"application\/ld+json\" class=\"yoast-schema-graph\">{\"@context\":\"https:\/\/schema.org\",\"@graph\":[{\"@type\":\"WebPage\",\"@id\":\"https:\/\/www.aae.org\/specialty\/publications-research\/journal-of-endodontics\/joe-scientific-advisory-board\/\",\"url\":\"https:\/\/www.aae.org\/specialty\/publications-research\/journal-of-endodontics\/joe-scientific-advisory-board\/\",\"name\":\"Journal of Endodontics Scientific Advisory Board - American Association of Endodontists\",\"isPartOf\":{\"@id\":\"https:\/\/www.aae.org\/specialty\/#website\"},\"datePublished\":\"2017-05-19T16:27:44+00:00\",\"dateModified\":\"2024-11-12T19:42:23+00:00\",\"description\":\"Lists tthe Journal of Endodontics (JOE) Scientific Advisory Board members. The official scientific journal of the American Association of Endodontists\",\"breadcrumb\":{\"@id\":\"https:\/\/www.aae.org\/specialty\/publications-research\/journal-of-endodontics\/joe-scientific-advisory-board\/#breadcrumb\"},\"inLanguage\":\"en-US\",\"potentialAction\":[{\"@type\":\"ReadAction\",\"target\":[\"https:\/\/www.aae.org\/specialty\/publications-research\/journal-of-endodontics\/joe-scientific-advisory-board\/\"]}]},{\"@type\":\"BreadcrumbList\",\"@id\":\"https:\/\/www.aae.org\/specialty\/publications-research\/journal-of-endodontics\/joe-scientific-advisory-board\/#breadcrumb\",\"itemListElement\":[{\"@type\":\"ListItem\",\"position\":1,\"name\":\"Home\",\"item\":\"https:\/\/www.aae.org\/\"},{\"@type\":\"ListItem\",\"position\":2,\"name\":\"Specialty\",\"item\":\"https:\/\/www.aae.org\/specialty\/\"},{\"@type\":\"ListItem\",\"position\":3,\"name\":\"Publications &amp; Research\",\"item\":\"https:\/\/www.aae.org\/specialty\/publications-research\/\"},{\"@type\":\"ListItem\",\"position\":4,\"name\":\"Journal of Endodontics\",\"item\":\"https:\/\/www.aae.org\/specialty\/publications-research\/journal-of-endodontics\/\"},{\"@type\":\"ListItem\",\"position\":5,\"name\":\"JOE Scientific Advisory Board\"}]},{\"@type\":\"WebSite\",\"@id\":\"https:\/\/www.aae.org\/specialty\/#website\",\"url\":\"https:\/\/www.aae.org\/specialty\/\",\"name\":\"American Association of Endodontists\",\"description\":\"Shaping the Future of Endodontic\",\"publisher\":{\"@id\":\"https:\/\/www.aae.org\/specialty\/#organization\"},\"potentialAction\":[{\"@type\":\"SearchAction\",\"target\":{\"@type\":\"EntryPoint\",\"urlTemplate\":\"https:\/\/www.aae.org\/specialty\/?s={search_term_string}\"},\"query-input\":{\"@type\":\"PropertyValueSpecification\",\"valueRequired\":true,\"valueName\":\"search_term_string\"}}],\"inLanguage\":\"en-US\"},{\"@type\":\"Organization\",\"@id\":\"https:\/\/www.aae.org\/specialty\/#organization\",\"name\":\"American Association of Endodontists\",\"url\":\"https:\/\/www.aae.org\/specialty\/\",\"logo\":{\"@type\":\"ImageObject\",\"inLanguage\":\"en-US\",\"@id\":\"https:\/\/www.aae.org\/specialty\/#\/schema\/logo\/image\/\",\"url\":\"https:\/\/www.aae.org\/specialty\/wp-content\/uploads\/sites\/2\/2017\/04\/aae_share_specialty.jpg\",\"contentUrl\":\"https:\/\/www.aae.org\/specialty\/wp-content\/uploads\/sites\/2\/2017\/04\/aae_share_specialty.jpg\",\"width\":1200,\"height\":628,\"caption\":\"American Association of Endodontists\"},\"image\":{\"@id\":\"https:\/\/www.aae.org\/specialty\/#\/schema\/logo\/image\/\"},\"sameAs\":[\"https:\/\/www.facebook.com\/endodontists\",\"https:\/\/x.com\/savingyourteeth\",\"https:\/\/www.linkedin.com\/company\/american-association-of-endodontists\",\"http:\/\/www.youtube.com\/rootcanalspecialists\"]}]}<\/script>\n<!-- \/ Yoast SEO plugin. -->","yoast_head_json":{"title":"Journal of Endodontics Scientific Advisory Board - American Association of Endodontists","description":"Lists tthe Journal of Endodontics (JOE) Scientific Advisory Board members. The official scientific journal of the American Association of Endodontists","robots":{"index":"index","follow":"follow","max-snippet":"max-snippet:-1","max-image-preview":"max-image-preview:large","max-video-preview":"max-video-preview:-1"},"canonical":"https:\/\/www.aae.org\/specialty\/publications-research\/journal-of-endodontics\/joe-scientific-advisory-board\/","og_locale":"en_US","og_type":"article","og_title":"Journal of Endodontics Scientific Advisory Board - American Association of Endodontists","og_description":"Lists tthe Journal of Endodontics (JOE) Scientific Advisory Board members. The official scientific journal of the American Association of Endodontists","og_url":"https:\/\/www.aae.org\/specialty\/publications-research\/journal-of-endodontics\/joe-scientific-advisory-board\/","og_site_name":"American Association of Endodontists","article_publisher":"https:\/\/www.facebook.com\/endodontists","article_modified_time":"2024-11-12T19:42:23+00:00","twitter_card":"summary_large_image","twitter_site":"@savingyourteeth","twitter_misc":{"Est. reading time":"7 minutes"},"schema":{"@context":"https:\/\/schema.org","@graph":[{"@type":"WebPage","@id":"https:\/\/www.aae.org\/specialty\/publications-research\/journal-of-endodontics\/joe-scientific-advisory-board\/","url":"https:\/\/www.aae.org\/specialty\/publications-research\/journal-of-endodontics\/joe-scientific-advisory-board\/","name":"Journal of Endodontics Scientific Advisory Board - American Association of Endodontists","isPartOf":{"@id":"https:\/\/www.aae.org\/specialty\/#website"},"datePublished":"2017-05-19T16:27:44+00:00","dateModified":"2024-11-12T19:42:23+00:00","description":"Lists tthe Journal of Endodontics (JOE) Scientific Advisory Board members. The official scientific journal of the American Association of Endodontists","breadcrumb":{"@id":"https:\/\/www.aae.org\/specialty\/publications-research\/journal-of-endodontics\/joe-scientific-advisory-board\/#breadcrumb"},"inLanguage":"en-US","potentialAction":[{"@type":"ReadAction","target":["https:\/\/www.aae.org\/specialty\/publications-research\/journal-of-endodontics\/joe-scientific-advisory-board\/"]}]},{"@type":"BreadcrumbList","@id":"https:\/\/www.aae.org\/specialty\/publications-research\/journal-of-endodontics\/joe-scientific-advisory-board\/#breadcrumb","itemListElement":[{"@type":"ListItem","position":1,"name":"Home","item":"https:\/\/www.aae.org\/"},{"@type":"ListItem","position":2,"name":"Specialty","item":"https:\/\/www.aae.org\/specialty\/"},{"@type":"ListItem","position":3,"name":"Publications &amp; Research","item":"https:\/\/www.aae.org\/specialty\/publications-research\/"},{"@type":"ListItem","position":4,"name":"Journal of Endodontics","item":"https:\/\/www.aae.org\/specialty\/publications-research\/journal-of-endodontics\/"},{"@type":"ListItem","position":5,"name":"JOE Scientific Advisory Board"}]},{"@type":"WebSite","@id":"https:\/\/www.aae.org\/specialty\/#website","url":"https:\/\/www.aae.org\/specialty\/","name":"American Association of Endodontists","description":"Shaping the Future of Endodontic","publisher":{"@id":"https:\/\/www.aae.org\/specialty\/#organization"},"potentialAction":[{"@type":"SearchAction","target":{"@type":"EntryPoint","urlTemplate":"https:\/\/www.aae.org\/specialty\/?s={search_term_string}"},"query-input":{"@type":"PropertyValueSpecification","valueRequired":true,"valueName":"search_term_string"}}],"inLanguage":"en-US"},{"@type":"Organization","@id":"https:\/\/www.aae.org\/specialty\/#organization","name":"American Association of Endodontists","url":"https:\/\/www.aae.org\/specialty\/","logo":{"@type":"ImageObject","inLanguage":"en-US","@id":"https:\/\/www.aae.org\/specialty\/#\/schema\/logo\/image\/","url":"https:\/\/www.aae.org\/specialty\/wp-content\/uploads\/sites\/2\/2017\/04\/aae_share_specialty.jpg","contentUrl":"https:\/\/www.aae.org\/specialty\/wp-content\/uploads\/sites\/2\/2017\/04\/aae_share_specialty.jpg","width":1200,"height":628,"caption":"American Association of Endodontists"},"image":{"@id":"https:\/\/www.aae.org\/specialty\/#\/schema\/logo\/image\/"},"sameAs":["https:\/\/www.facebook.com\/endodontists","https:\/\/x.com\/savingyourteeth","https:\/\/www.linkedin.com\/company\/american-association-of-endodontists","http:\/\/www.youtube.com\/rootcanalspecialists"]}]}},"acf":[],"_links":{"self":[{"href":"https:\/\/www.aae.org\/specialty\/wp-json\/wp\/v2\/pages\/199","targetHints":{"allow":["GET"]}}],"collection":[{"href":"https:\/\/www.aae.org\/specialty\/wp-json\/wp\/v2\/pages"}],"about":[{"href":"https:\/\/www.aae.org\/specialty\/wp-json\/wp\/v2\/types\/page"}],"author":[{"embeddable":true,"href":"https:\/\/www.aae.org\/specialty\/wp-json\/wp\/v2\/users\/2"}],"replies":[{"embeddable":true,"href":"https:\/\/www.aae.org\/specialty\/wp-json\/wp\/v2\/comments?post=199"}],"version-history":[{"count":0,"href":"https:\/\/www.aae.org\/specialty\/wp-json\/wp\/v2\/pages\/199\/revisions"}],"up":[{"embeddable":true,"href":"https:\/\/www.aae.org\/specialty\/wp-json\/wp\/v2\/pages\/136"}],"wp:attachment":[{"href":"https:\/\/www.aae.org\/specialty\/wp-json\/wp\/v2\/media?parent=199"}],"curies":[{"name":"wp","href":"https:\/\/api.w.org\/{rel}","templated":true}]}}